{"id":165,"date":"2020-04-23T17:37:17","date_gmt":"2020-04-23T17:37:17","guid":{"rendered":"https:\/\/eona.qodeinteractive.com\/?page_id=165"},"modified":"2021-03-30T13:55:56","modified_gmt":"2021-03-30T13:55:56","slug":"kollektion","status":"publish","type":"page","link":"https:\/\/www.dh-fashion.de\/en\/kollektion","title":{"rendered":"Collection"},"content":{"rendered":"<div data-elementor-type=\"wp-page\" data-elementor-id=\"165\" class=\"elementor elementor-165\">\n\t\t\t\t\t\t<section class=\"elementor-section elementor-top-section elementor-element elementor-element-715d08c elementor-section-full_width elementor-section-height-full elementor-section-items-top elementor-section-stretched elementor-section-height-default qodef-elementor-content-no\" data-id=\"715d08c\" data-element_type=\"section\" data-e-type=\"section\" data-settings=\"{&quot;stretch_section&quot;:&quot;section-stretched&quot;}\">\n\t\t\t\t\t\t<div class=\"elementor-container elementor-column-gap-default\">\n\t\t\t\t\t<div class=\"elementor-column elementor-col-100 elementor-top-column elementor-element elementor-element-086807b\" data-id=\"086807b\" data-element_type=\"column\" data-e-type=\"column\">\n\t\t\t<div class=\"elementor-widget-wrap elementor-element-populated\">\n\t\t\t\t\t\t<div class=\"elementor-element elementor-element-3bb4ae8 animated-fast elementor-arrows-position-inside elementor-invisible elementor-widget elementor-widget-image-carousel\" data-id=\"3bb4ae8\" data-element_type=\"widget\" data-e-type=\"widget\" data-settings=\"{&quot;slides_to_show&quot;:&quot;5&quot;,&quot;navigation&quot;:&quot;arrows&quot;,&quot;image_spacing_custom&quot;:{&quot;unit&quot;:&quot;px&quot;,&quot;size&quot;:9,&quot;sizes&quot;:[]},&quot;_animation&quot;:&quot;fadeIn&quot;,&quot;autoplay&quot;:&quot;yes&quot;,&quot;pause_on_hover&quot;:&quot;yes&quot;,&quot;pause_on_interaction&quot;:&quot;yes&quot;,&quot;autoplay_speed&quot;:5000,&quot;infinite&quot;:&quot;yes&quot;,&quot;speed&quot;:500,&quot;image_spacing_custom_tablet&quot;:{&quot;unit&quot;:&quot;px&quot;,&quot;size&quot;:&quot;&quot;,&quot;sizes&quot;:[]},&quot;image_spacing_custom_mobile&quot;:{&quot;unit&quot;:&quot;px&quot;,&quot;size&quot;:&quot;&quot;,&quot;sizes&quot;:[]}}\" data-widget_type=\"image-carousel.default\">\n\t\t\t\t<div class=\"elementor-widget-container\">\n\t\t\t\t\t\t\t<div class=\"elementor-image-carousel-wrapper swiper\" role=\"region\" aria-roledescription=\"carousel\" aria-label=\"Bild Karussell\" dir=\"ltr\">\n\t\t\t<div class=\"elementor-image-carousel swiper-wrapper\" aria-live=\"off\">\n\t\t\t\t\t\t\t\t<div class=\"swiper-slide\" role=\"group\" aria-roledescription=\"slide\" aria-label=\"1 von 8\"><figure class=\"swiper-slide-inner\"><img decoding=\"async\" class=\"swiper-slide-image\" src=\"https:\/\/www.dh-fashion.de\/wp-content\/uploads\/2021\/02\/IMG_0965-scaled.jpg\" alt=\"Damenwesten\" \/><figcaption class=\"elementor-image-carousel-caption\">Waistcoats for ladies<\/figcaption><\/figure><\/div><div class=\"swiper-slide\" role=\"group\" aria-roledescription=\"slide\" aria-label=\"2 von 8\"><figure class=\"swiper-slide-inner\"><img decoding=\"async\" class=\"swiper-slide-image\" src=\"https:\/\/www.dh-fashion.de\/wp-content\/uploads\/2021\/02\/DSC_9897-scaled.jpg\" alt=\"Herrenwesten\" \/><figcaption class=\"elementor-image-carousel-caption\">Waistcoats for men<\/figcaption><\/figure><\/div><div class=\"swiper-slide\" role=\"group\" aria-roledescription=\"slide\" aria-label=\"3 von 8\"><figure class=\"swiper-slide-inner\"><img decoding=\"async\" class=\"swiper-slide-image\" src=\"https:\/\/www.dh-fashion.de\/wp-content\/uploads\/2021\/02\/Herrensakko-2-scaled.jpg\" alt=\"Herrensakkos\" \/><figcaption class=\"elementor-image-carousel-caption\">Jackets for men<\/figcaption><\/figure><\/div><div class=\"swiper-slide\" role=\"group\" aria-roledescription=\"slide\" aria-label=\"4 von 8\"><figure class=\"swiper-slide-inner\"><img decoding=\"async\" class=\"swiper-slide-image\" src=\"https:\/\/www.dh-fashion.de\/wp-content\/uploads\/2021\/02\/Herrenhose-scaled.jpg\" alt=\"Herrenhosen\" \/><figcaption class=\"elementor-image-carousel-caption\">Trousers for men<\/figcaption><\/figure><\/div><div class=\"swiper-slide\" role=\"group\" aria-roledescription=\"slide\" aria-label=\"5 von 8\"><figure class=\"swiper-slide-inner\"><img decoding=\"async\" class=\"swiper-slide-image\" src=\"https:\/\/www.dh-fashion.de\/wp-content\/uploads\/2021\/02\/Gehrock-1-scaled.jpg\" alt=\"Gehr\u00f6cke\" \/><figcaption class=\"elementor-image-carousel-caption\">Frockcoats for ladies<\/figcaption><\/figure><\/div><div class=\"swiper-slide\" role=\"group\" aria-roledescription=\"slide\" aria-label=\"6 von 8\"><figure class=\"swiper-slide-inner\"><img decoding=\"async\" class=\"swiper-slide-image\" src=\"https:\/\/www.dh-fashion.de\/wp-content\/uploads\/2021\/02\/Damensakko-scaled.jpg\" alt=\"Damenblazer\" \/><figcaption class=\"elementor-image-carousel-caption\">Jackets for ladies<\/figcaption><\/figure><\/div><div class=\"swiper-slide\" role=\"group\" aria-roledescription=\"slide\" aria-label=\"7 von 8\"><figure class=\"swiper-slide-inner\"><img decoding=\"async\" class=\"swiper-slide-image\" src=\"https:\/\/www.dh-fashion.de\/wp-content\/uploads\/2021\/02\/Damenrock-scaled.jpg\" alt=\"Damenr\u00f6cke\" \/><figcaption class=\"elementor-image-carousel-caption\">Skirts for ladies<\/figcaption><\/figure><\/div><div class=\"swiper-slide\" role=\"group\" aria-roledescription=\"slide\" aria-label=\"8 von 8\"><figure class=\"swiper-slide-inner\"><img decoding=\"async\" class=\"swiper-slide-image\" src=\"https:\/\/www.dh-fashion.de\/wp-content\/uploads\/2021\/02\/Orig.-Groesse-1.jpg\" alt=\"Damenhosen\" \/><figcaption class=\"elementor-image-carousel-caption\">Trousers for ladies<\/figcaption><\/figure><\/div>\t\t\t<\/div>\n\t\t\t\t\t\t\t\t\t\t\t\t<div class=\"elementor-swiper-button elementor-swiper-button-prev\" role=\"button\" tabindex=\"0\">\n\t\t\t\t\t\t<i aria-hidden=\"true\" class=\"eicon-chevron-left\"><\/i>\t\t\t\t\t<\/div>\n\t\t\t\t\t<div class=\"elementor-swiper-button elementor-swiper-button-next\" role=\"button\" tabindex=\"0\">\n\t\t\t\t\t\t<i aria-hidden=\"true\" class=\"eicon-chevron-right\"><\/i>\t\t\t\t\t<\/div>\n\t\t\t\t\n\t\t\t\t\t\t\t\t\t<\/div>\n\t\t\t\t\t\t<\/div>\n\t\t\t\t<\/div>\n\t\t\t\t<section class=\"elementor-section elementor-inner-section elementor-element elementor-element-f95b802 elementor-hidden-tablet elementor-hidden-phone elementor-section-boxed elementor-section-height-default elementor-section-height-default qodef-elementor-content-no\" data-id=\"f95b802\" data-element_type=\"section\" data-e-type=\"section\">\n\t\t\t\t\t\t<div class=\"elementor-container elementor-column-gap-default\">\n\t\t\t\t\t<div class=\"elementor-column elementor-col-50 elementor-inner-column elementor-element elementor-element-dbe2ca8\" data-id=\"dbe2ca8\" data-element_type=\"column\" data-e-type=\"column\">\n\t\t\t<div class=\"elementor-widget-wrap elementor-element-populated\">\n\t\t\t\t\t\t<div class=\"elementor-element elementor-element-0d0642b elementor-widget elementor-widget-image\" data-id=\"0d0642b\" data-element_type=\"widget\" data-e-type=\"widget\" data-widget_type=\"image.default\">\n\t\t\t\t<div class=\"elementor-widget-container\">\n\t\t\t\t\t\t\t\t\t\t\t\t\t\t\t<img fetchpriority=\"high\" decoding=\"async\" width=\"300\" height=\"300\" src=\"https:\/\/www.dh-fashion.de\/wp-content\/uploads\/2021\/02\/Stoffe-300x300.jpg\" class=\"attachment-medium size-medium wp-image-6158\" alt=\"\" srcset=\"https:\/\/www.dh-fashion.de\/wp-content\/uploads\/2021\/02\/Stoffe-300x300.jpg 300w, https:\/\/www.dh-fashion.de\/wp-content\/uploads\/2021\/02\/Stoffe-1024x1024.jpg 1024w, https:\/\/www.dh-fashion.de\/wp-content\/uploads\/2021\/02\/Stoffe-150x150.jpg 150w, https:\/\/www.dh-fashion.de\/wp-content\/uploads\/2021\/02\/Stoffe-768x768.jpg 768w, https:\/\/www.dh-fashion.de\/wp-content\/uploads\/2021\/02\/Stoffe-1536x1536.jpg 1536w, https:\/\/www.dh-fashion.de\/wp-content\/uploads\/2021\/02\/Stoffe-2048x2048.jpg 2048w, https:\/\/www.dh-fashion.de\/wp-content\/uploads\/2021\/02\/Stoffe-650x650.jpg 650w, https:\/\/www.dh-fashion.de\/wp-content\/uploads\/2021\/02\/Stoffe-1300x1300.jpg 1300w\" sizes=\"(max-width: 300px) 100vw, 300px\" \/>\t\t\t\t\t\t\t\t\t\t\t\t\t\t\t<\/div>\n\t\t\t\t<\/div>\n\t\t\t\t\t<\/div>\n\t\t<\/div>\n\t\t\t\t<div class=\"elementor-column elementor-col-50 elementor-inner-column elementor-element elementor-element-6b4c869\" data-id=\"6b4c869\" data-element_type=\"column\" data-e-type=\"column\">\n\t\t\t<div class=\"elementor-widget-wrap elementor-element-populated\">\n\t\t\t\t\t\t<div class=\"elementor-element elementor-element-7184845 elementor-widget elementor-widget-eona_core_section_title\" data-id=\"7184845\" data-element_type=\"widget\" data-e-type=\"widget\" data-widget_type=\"eona_core_section_title.default\">\n\t\t\t\t<div class=\"elementor-widget-container\">\n\t\t\t\t\t<div class=\"qodef-shortcode qodef-m  qodef-section-title qodef-alignment--left\">\n    \t<h1 class=\"qodef-m-title\"  >\n                    Fabric collection            <\/h1>\n    \t<span class=\"qodef-m-subtitle\" >\n        by British House\t<\/span>\n    \t<div class=\"qodef-m-separator\" ><\/div>\n\t\t<p class=\"qodef-m-text\" >Our exclusive fabrics are designed by well-known weavers with headquarters in the United Kingdom, Ireland and Italy. Harris Tweed, Magee, Robert Noble, Brisbane Moss and Barberis are some examples therefor.\n<\/p>\n    <\/div>\t\t\t\t<\/div>\n\t\t\t\t<\/div>\n\t\t\t\t\t<\/div>\n\t\t<\/div>\n\t\t\t\t\t<\/div>\n\t\t<\/section>\n\t\t\t\t<section class=\"elementor-section elementor-inner-section elementor-element elementor-element-fb320f6 elementor-hidden-desktop elementor-section-boxed elementor-section-height-default elementor-section-height-default qodef-elementor-content-no\" data-id=\"fb320f6\" data-element_type=\"section\" data-e-type=\"section\">\n\t\t\t\t\t\t<div class=\"elementor-container elementor-column-gap-default\">\n\t\t\t\t\t<div class=\"elementor-column elementor-col-50 elementor-inner-column elementor-element elementor-element-6072dbc\" data-id=\"6072dbc\" data-element_type=\"column\" data-e-type=\"column\">\n\t\t\t<div class=\"elementor-widget-wrap elementor-element-populated\">\n\t\t\t\t\t\t<div class=\"elementor-element elementor-element-ff7fcec elementor-widget elementor-widget-image\" data-id=\"ff7fcec\" data-element_type=\"widget\" data-e-type=\"widget\" data-widget_type=\"image.default\">\n\t\t\t\t<div class=\"elementor-widget-container\">\n\t\t\t\t\t\t\t\t\t\t\t\t\t\t\t<img fetchpriority=\"high\" decoding=\"async\" width=\"300\" height=\"300\" src=\"https:\/\/www.dh-fashion.de\/wp-content\/uploads\/2021\/02\/Stoffe-300x300.jpg\" class=\"attachment-medium size-medium wp-image-6158\" alt=\"\" srcset=\"https:\/\/www.dh-fashion.de\/wp-content\/uploads\/2021\/02\/Stoffe-300x300.jpg 300w, https:\/\/www.dh-fashion.de\/wp-content\/uploads\/2021\/02\/Stoffe-1024x1024.jpg 1024w, https:\/\/www.dh-fashion.de\/wp-content\/uploads\/2021\/02\/Stoffe-150x150.jpg 150w, https:\/\/www.dh-fashion.de\/wp-content\/uploads\/2021\/02\/Stoffe-768x768.jpg 768w, https:\/\/www.dh-fashion.de\/wp-content\/uploads\/2021\/02\/Stoffe-1536x1536.jpg 1536w, https:\/\/www.dh-fashion.de\/wp-content\/uploads\/2021\/02\/Stoffe-2048x2048.jpg 2048w, https:\/\/www.dh-fashion.de\/wp-content\/uploads\/2021\/02\/Stoffe-650x650.jpg 650w, https:\/\/www.dh-fashion.de\/wp-content\/uploads\/2021\/02\/Stoffe-1300x1300.jpg 1300w\" sizes=\"(max-width: 300px) 100vw, 300px\" \/>\t\t\t\t\t\t\t\t\t\t\t\t\t\t\t<\/div>\n\t\t\t\t<\/div>\n\t\t\t\t\t<\/div>\n\t\t<\/div>\n\t\t\t\t<div class=\"elementor-column elementor-col-50 elementor-inner-column elementor-element elementor-element-a43ac67\" data-id=\"a43ac67\" data-element_type=\"column\" data-e-type=\"column\">\n\t\t\t<div class=\"elementor-widget-wrap elementor-element-populated\">\n\t\t\t\t\t\t<div class=\"elementor-element elementor-element-9e7c7b8 elementor-widget elementor-widget-eona_core_section_title\" data-id=\"9e7c7b8\" data-element_type=\"widget\" data-e-type=\"widget\" data-widget_type=\"eona_core_section_title.default\">\n\t\t\t\t<div class=\"elementor-widget-container\">\n\t\t\t\t\t<div class=\"qodef-shortcode qodef-m  qodef-section-title qodef-alignment--left\">\n    \t<h3 class=\"qodef-m-title\"  >\n                    Fabric collection            <\/h3>\n    \t<span class=\"qodef-m-subtitle\" >\n        by British House\t<\/span>\n    \t<div class=\"qodef-m-separator\" ><\/div>\n\t\t<p class=\"qodef-m-text\" >Our exclusive fabrics are designed by well-known weavers with headquarters in the United Kingdom, Ireland and Italy. Harris Tweed, Magee, Robert Noble, Brisbane Moss and Barberis are some examples therefor.\n<\/p>\n    <\/div>\t\t\t\t<\/div>\n\t\t\t\t<\/div>\n\t\t\t\t\t<\/div>\n\t\t<\/div>\n\t\t\t\t\t<\/div>\n\t\t<\/section>\n\t\t\t\t\t<\/div>\n\t\t<\/div>\n\t\t\t\t\t<\/div>\n\t\t<\/section>\n\t\t\t\t<\/div>","protected":false},"excerpt":{"rendered":"<p>Damenwesten Herrenwesten Herrensakkos Herrenhosen Gehr\u00f6cke Damenblazer Damenr\u00f6cke Damenhosen Zur\u00fcck Weiter Stoffkollektion by British House Unsere hochwertigen Oberstoffe beziehen wir ausschlie\u00dflich von namenhaften Webereien, die ihren Sitz in England, Irland und Italien haben. Dazugeh\u00f6ren unter anderem Harris Tweed, Magee und Robert Noble, Brisbane Moss und Barberis. Stoffkollektion by British House Unsere hochwertigen Oberstoffe beziehen wir ausschlie\u00dflich [&hellip;]<\/p>\n","protected":false},"author":1,"featured_media":0,"parent":0,"menu_order":0,"comment_status":"closed","ping_status":"closed","template":"page-full-width.php","meta":{"footnotes":""},"class_list":["post-165","page","type-page","status-publish","hentry"],"_links":{"self":[{"href":"https:\/\/www.dh-fashion.de\/en\/wp-json\/wp\/v2\/pages\/165","targetHints":{"allow":["GET"]}}],"collection":[{"href":"https:\/\/www.dh-fashion.de\/en\/wp-json\/wp\/v2\/pages"}],"about":[{"href":"https:\/\/www.dh-fashion.de\/en\/wp-json\/wp\/v2\/types\/page"}],"author":[{"embeddable":true,"href":"https:\/\/www.dh-fashion.de\/en\/wp-json\/wp\/v2\/users\/1"}],"replies":[{"embeddable":true,"href":"https:\/\/www.dh-fashion.de\/en\/wp-json\/wp\/v2\/comments?post=165"}],"version-history":[{"count":83,"href":"https:\/\/www.dh-fashion.de\/en\/wp-json\/wp\/v2\/pages\/165\/revisions"}],"predecessor-version":[{"id":6636,"href":"https:\/\/www.dh-fashion.de\/en\/wp-json\/wp\/v2\/pages\/165\/revisions\/6636"}],"wp:attachment":[{"href":"https:\/\/www.dh-fashion.de\/en\/wp-json\/wp\/v2\/media?parent=165"}],"curies":[{"name":"wp","href":"https:\/\/api.w.org\/{rel}","templated":true}]}}