{"id":6558,"date":"2021-03-16T09:02:24","date_gmt":"2021-03-16T09:02:24","guid":{"rendered":"https:\/\/www.dh-fashion.de\/?page_id=6558"},"modified":"2021-03-16T09:02:24","modified_gmt":"2021-03-16T09:02:24","slug":"impressum","status":"publish","type":"page","link":"https:\/\/www.dh-fashion.de\/en\/impressum","title":{"rendered":"Impressum"},"content":{"rendered":"<p><strong>Impressum<\/strong><\/p>\n<p><strong>D.H. Fashion GmbH<\/strong><br \/>\nStockst\u00e4dter Stra\u00dfe 31<br \/>\nD-63762 Gro\u00dfostheim<\/p>\n<p>Gesch\u00e4ftsf\u00fchrer: Dieter Hock, Dipl.-Kfm.<\/p>\n<p>Telefon: 0049 \/ (0) 6026 \/ 9787-0<br \/>\nTelefax: 0049 \/ (0) 6026 \/ 9787-25<\/p>\n<p>E-mail: info@dh-fashion.com<\/p>\n<p>USt-Ident-Nr.: DE813370753<\/p>\n<p>Steuernummer beim FA Aschaffenburg: 204\/124\/60120<\/p>\n<p>Registergericht Aschaffenburg<br \/>\nHRB 8362<\/p>","protected":false},"excerpt":{"rendered":"<p>Impressum D.H. Fashion GmbH Stockst\u00e4dter Stra\u00dfe 31 D-63762 Gro\u00dfostheim Gesch\u00e4ftsf\u00fchrer: Dieter Hock, Dipl.-Kfm. Telefon: 0049 \/ (0) 6026 \/ 9787-0 Telefax: 0049 \/ (0) 6026 \/ 9787-25 E-mail: info@dh-fashion.com USt-Ident-Nr.: DE813370753 Steuernummer beim FA Aschaffenburg: 204\/124\/60120 Registergericht Aschaffenburg HRB 8362<\/p>","protected":false},"author":2,"featured_media":0,"parent":0,"menu_order":0,"comment_status":"closed","ping_status":"closed","template":"","meta":{"footnotes":""},"class_list":["post-6558","page","type-page","status-publish","hentry"],"_links":{"self":[{"href":"https:\/\/www.dh-fashion.de\/en\/wp-json\/wp\/v2\/pages\/6558","targetHints":{"allow":["GET"]}}],"collection":[{"href":"https:\/\/www.dh-fashion.de\/en\/wp-json\/wp\/v2\/pages"}],"about":[{"href":"https:\/\/www.dh-fashion.de\/en\/wp-json\/wp\/v2\/types\/page"}],"author":[{"embeddable":true,"href":"https:\/\/www.dh-fashion.de\/en\/wp-json\/wp\/v2\/users\/2"}],"replies":[{"embeddable":true,"href":"https:\/\/www.dh-fashion.de\/en\/wp-json\/wp\/v2\/comments?post=6558"}],"version-history":[{"count":1,"href":"https:\/\/www.dh-fashion.de\/en\/wp-json\/wp\/v2\/pages\/6558\/revisions"}],"predecessor-version":[{"id":6559,"href":"https:\/\/www.dh-fashion.de\/en\/wp-json\/wp\/v2\/pages\/6558\/revisions\/6559"}],"wp:attachment":[{"href":"https:\/\/www.dh-fashion.de\/en\/wp-json\/wp\/v2\/media?parent=6558"}],"curies":[{"name":"wp","href":"https:\/\/api.w.org\/{rel}","templated":true}]}}