{"id":74,"date":"2020-12-11T10:37:18","date_gmt":"2020-12-11T10:37:18","guid":{"rendered":"http:\/\/wp.dh-fashion.com\/?page_id=74"},"modified":"2021-11-15T11:11:14","modified_gmt":"2021-11-15T11:11:14","slug":"ihr","status":"publish","type":"page","link":"https:\/\/www.dh-fashion.de\/en\/ihr","title":{"rendered":"Contact"},"content":{"rendered":"<div data-elementor-type=\"wp-page\" data-elementor-id=\"74\" class=\"elementor elementor-74\">\n\t\t\t\t\t\t<section class=\"elementor-section elementor-top-section elementor-element elementor-element-362cd6a elementor-section-boxed elementor-section-height-default elementor-section-height-default qodef-elementor-content-no\" data-id=\"362cd6a\" data-element_type=\"section\" data-e-type=\"section\">\n\t\t\t\t\t\t<div class=\"elementor-container elementor-column-gap-default\">\n\t\t\t\t\t<div class=\"elementor-column elementor-col-100 elementor-top-column elementor-element elementor-element-79322f6\" data-id=\"79322f6\" data-element_type=\"column\" data-e-type=\"column\">\n\t\t\t<div class=\"elementor-widget-wrap elementor-element-populated\">\n\t\t\t\t\t\t<section class=\"elementor-section elementor-inner-section elementor-element elementor-element-93cbfae elementor-section-boxed elementor-section-height-default elementor-section-height-default qodef-elementor-content-no\" data-id=\"93cbfae\" data-element_type=\"section\" data-e-type=\"section\">\n\t\t\t\t\t\t<div class=\"elementor-container elementor-column-gap-default\">\n\t\t\t\t\t<div class=\"elementor-column elementor-col-50 elementor-inner-column elementor-element elementor-element-6446f0f\" data-id=\"6446f0f\" data-element_type=\"column\" data-e-type=\"column\">\n\t\t\t<div class=\"elementor-widget-wrap elementor-element-populated\">\n\t\t\t\t\t\t<div class=\"elementor-element elementor-element-9cccaae elementor-widget elementor-widget-image\" data-id=\"9cccaae\" data-element_type=\"widget\" data-e-type=\"widget\" data-widget_type=\"image.default\">\n\t\t\t\t<div class=\"elementor-widget-container\">\n\t\t\t\t\t\t\t\t\t\t\t\t\t\t\t<img fetchpriority=\"high\" decoding=\"async\" width=\"650\" height=\"650\" src=\"https:\/\/www.dh-fashion.de\/wp-content\/uploads\/2020\/12\/1-Bild B\u00fcrogeb\u00e4ude-650x650.jpg\" class=\"attachment-eona_image_size_square size-eona_image_size_square wp-image-5806\" alt=\"\" srcset=\"https:\/\/www.dh-fashion.de\/wp-content\/uploads\/2020\/12\/1-Bild%20B\u00fcrogeb\u00e4ude-650x650.jpg 650w, https:\/\/www.dh-fashion.de\/wp-content\/uploads\/2020\/12\/1-Bild%20B\u00fcrogeb\u00e4ude-150x150.jpg 150w, https:\/\/www.dh-fashion.de\/wp-content\/uploads\/2020\/12\/1-Bild%20B\u00fcrogeb\u00e4ude-1300x1300.jpg 1300w\" sizes=\"(max-width: 650px) 100vw, 650px\" \/>\t\t\t\t\t\t\t\t\t\t\t\t\t\t\t<\/div>\n\t\t\t\t<\/div>\n\t\t\t\t\t<\/div>\n\t\t<\/div>\n\t\t\t\t<div class=\"elementor-column elementor-col-50 elementor-inner-column elementor-element elementor-element-8ebab86\" data-id=\"8ebab86\" data-element_type=\"column\" data-e-type=\"column\">\n\t\t\t<div class=\"elementor-widget-wrap elementor-element-populated\">\n\t\t\t\t\t\t<div class=\"elementor-element elementor-element-a9a4c1d elementor-hidden-tablet elementor-hidden-phone elementor-widget elementor-widget-heading\" data-id=\"a9a4c1d\" data-element_type=\"widget\" data-e-type=\"widget\" data-widget_type=\"heading.default\">\n\t\t\t\t<div class=\"elementor-widget-container\">\n\t\t\t\t\t<h2 class=\"elementor-heading-title elementor-size-default\">Company address:<\/h2>\t\t\t\t<\/div>\n\t\t\t\t<\/div>\n\t\t\t\t<div class=\"elementor-element elementor-element-6bb0272 elementor-hidden-desktop elementor-widget elementor-widget-heading\" data-id=\"6bb0272\" data-element_type=\"widget\" data-e-type=\"widget\" data-widget_type=\"heading.default\">\n\t\t\t\t<div class=\"elementor-widget-container\">\n\t\t\t\t\t<h3 class=\"elementor-heading-title elementor-size-default\">Company address:<\/h3>\t\t\t\t<\/div>\n\t\t\t\t<\/div>\n\t\t\t\t<div class=\"elementor-element elementor-element-9b2c7e5 elementor-widget elementor-widget-text-editor\" data-id=\"9b2c7e5\" data-element_type=\"widget\" data-e-type=\"widget\" data-widget_type=\"text-editor.default\">\n\t\t\t\t<div class=\"elementor-widget-container\">\n\t\t\t\t\t\t\t\t\t<span style=\"font-family: 'Roboto Slab'; white-space: pre-wrap; background-color: ;\">Administration: <\/span><br style=\"font-family: 'Roboto Slab'; white-space: pre-wrap;\" \/><span style=\"font-family: 'Roboto Slab'; white-space: pre-wrap; background-color: ;\">Stockst\u00e4dter Stra\u00dfe 31<\/span><br style=\"font-family: 'Roboto Slab'; white-space: pre-wrap;\" \/><span style=\"font-family: 'Roboto Slab'; white-space: pre-wrap; background-color: ;\"> D &#8211; 63762 Gro\u00dfostheim <\/span><br style=\"font-family: 'Roboto Slab'; white-space: pre-wrap;\" \/><br style=\"font-family: 'Roboto Slab'; white-space: pre-wrap;\" \/><span style=\"font-family: 'Roboto Slab'; white-space: pre-wrap; background-color: ;\">Mail: info@dh-fashion.com<\/span><br style=\"font-family: 'Roboto Slab'; white-space: pre-wrap;\" \/><span style=\"font-family: 'Roboto Slab'; white-space: pre-wrap; background-color: ;\">Tel.: +49 (0) 6026 \/ 9787 0<\/span><br style=\"font-family: 'Roboto Slab'; white-space: pre-wrap;\" \/><span style=\"font-family: 'Roboto Slab'; white-space: pre-wrap; background-color: ;\">Fax.: +49 (0) 6026 \/ 9787 25<\/span>\t\t\t\t\t\t\t\t<\/div>\n\t\t\t\t<\/div>\n\t\t\t\t<div class=\"elementor-element elementor-element-d517c2e elementor-alert-danger elementor-widget elementor-widget-alert\" data-id=\"d517c2e\" data-element_type=\"widget\" data-e-type=\"widget\" data-widget_type=\"alert.default\">\n\t\t\t\t<div class=\"elementor-widget-container\">\n\t\t\t\t\t\t\t<div class=\"elementor-alert\" role=\"alert\">\n\n\t\t\t\t\t\t<span class=\"elementor-alert-title\">Attention:<\/span>\n\t\t\t\n\t\t\t\t\t\t<span class=\"elementor-alert-description\">Please note that we have no connection with the company Fashion DH from Maribor \/ Slovenia.<\/span>\n\t\t\t\n\t\t\t\t\t\t<button type=\"button\" class=\"elementor-alert-dismiss\" aria-label=\"Hinweis ausblenden.\">\n\t\t\t\t\t\t\t\t\t<span aria-hidden=\"true\">&times;<\/span>\n\t\t\t\t\t\t\t<\/button>\n\t\t\t\n\t\t<\/div>\n\t\t\t\t\t\t<\/div>\n\t\t\t\t<\/div>\n\t\t\t\t\t<\/div>\n\t\t<\/div>\n\t\t\t\t\t<\/div>\n\t\t<\/section>\n\t\t\t\t<div class=\"elementor-element elementor-element-299990c elementor-widget elementor-widget-google_maps\" data-id=\"299990c\" data-element_type=\"widget\" data-e-type=\"widget\" data-widget_type=\"google_maps.default\">\n\t\t\t\t<div class=\"elementor-widget-container\">\n\t\t\t\t\t\t\t<div class=\"elementor-custom-embed\">\n\t\t\t<iframe loading=\"lazy\"\n\t\t\t\t\tsrc=\"https:\/\/maps.google.com\/maps?q=D.H.%20Fashion%2C%20&#038;t=m&#038;z=10&#038;output=embed&#038;iwloc=near\"\n\t\t\t\t\ttitle=\"D.H. Fashion, \"\n\t\t\t\t\taria-label=\"D.H. Fashion, \"\n\t\t\t><\/iframe>\n\t\t<\/div>\n\t\t\t\t\t\t<\/div>\n\t\t\t\t<\/div>\n\t\t\t\t\t<\/div>\n\t\t<\/div>\n\t\t\t\t\t<\/div>\n\t\t<\/section>\n\t\t\t\t<section class=\"elementor-section elementor-top-section elementor-element elementor-element-b9a7131 elementor-section-content-middle elementor-section-boxed elementor-section-height-default elementor-section-height-default qodef-elementor-content-no\" data-id=\"b9a7131\" data-element_type=\"section\" data-e-type=\"section\">\n\t\t\t\t\t\t<div class=\"elementor-container elementor-column-gap-narrow\">\n\t\t\t\t\t<div class=\"elementor-column elementor-col-100 elementor-top-column elementor-element elementor-element-0fd31e3\" data-id=\"0fd31e3\" data-element_type=\"column\" data-e-type=\"column\">\n\t\t\t<div class=\"elementor-widget-wrap elementor-element-populated\">\n\t\t\t\t\t\t<div class=\"elementor-element elementor-element-fe56d8f elementor-hidden-tablet elementor-hidden-phone elementor-widget elementor-widget-heading\" data-id=\"fe56d8f\" data-element_type=\"widget\" data-e-type=\"widget\" data-widget_type=\"heading.default\">\n\t\t\t\t<div class=\"elementor-widget-container\">\n\t\t\t\t\t<h2 class=\"elementor-heading-title elementor-size-default\">Contact person sales:<\/h2>\t\t\t\t<\/div>\n\t\t\t\t<\/div>\n\t\t\t\t<div class=\"elementor-element elementor-element-71d31b9 elementor-hidden-desktop elementor-widget elementor-widget-heading\" data-id=\"71d31b9\" data-element_type=\"widget\" data-e-type=\"widget\" data-widget_type=\"heading.default\">\n\t\t\t\t<div class=\"elementor-widget-container\">\n\t\t\t\t\t<h3 class=\"elementor-heading-title elementor-size-default\">Contact person sales:<\/h3>\t\t\t\t<\/div>\n\t\t\t\t<\/div>\n\t\t\t\t<section class=\"elementor-section elementor-inner-section elementor-element elementor-element-6a7fc3c elementor-section-boxed elementor-section-height-default elementor-section-height-default qodef-elementor-content-no\" data-id=\"6a7fc3c\" data-element_type=\"section\" data-e-type=\"section\">\n\t\t\t\t\t\t<div class=\"elementor-container elementor-column-gap-default\">\n\t\t\t\t\t<div class=\"elementor-column elementor-col-100 elementor-inner-column elementor-element elementor-element-ad8f3a6\" data-id=\"ad8f3a6\" data-element_type=\"column\" data-e-type=\"column\">\n\t\t\t<div class=\"elementor-widget-wrap elementor-element-populated\">\n\t\t\t\t\t\t<div class=\"elementor-element elementor-element-9672499 elementor-widget elementor-widget-text-editor\" data-id=\"9672499\" data-element_type=\"widget\" data-e-type=\"widget\" data-widget_type=\"text-editor.default\">\n\t\t\t\t<div class=\"elementor-widget-container\">\n\t\t\t\t\t\t\t\t\t<p><strong>Deutschland, \u00d6sterreich, Schweiz, Belgien &amp; Luxemburg:<\/strong><br \/>Matthias Rollmann Distribution &amp; Consulting<br \/>Matthias Rollmann<br \/>Tel.: +32 (0) 472 122 509<br \/>Mail: mail@matthiasrollmann.com<br \/>121, rue de la limite<br \/>B-1970-Wezembeek-Oppem<\/p>\t\t\t\t\t\t\t\t<\/div>\n\t\t\t\t<\/div>\n\t\t\t\t\t<\/div>\n\t\t<\/div>\n\t\t\t\t\t<\/div>\n\t\t<\/section>\n\t\t\t\t<section class=\"elementor-section elementor-inner-section elementor-element elementor-element-721ef18 elementor-section-boxed elementor-section-height-default elementor-section-height-default qodef-elementor-content-no\" data-id=\"721ef18\" data-element_type=\"section\" data-e-type=\"section\">\n\t\t\t\t\t\t<div class=\"elementor-container elementor-column-gap-default\">\n\t\t\t\t\t<div class=\"elementor-column elementor-col-50 elementor-inner-column elementor-element elementor-element-867cebf\" data-id=\"867cebf\" data-element_type=\"column\" data-e-type=\"column\">\n\t\t\t<div class=\"elementor-widget-wrap elementor-element-populated\">\n\t\t\t\t\t\t<div class=\"elementor-element elementor-element-5bcb739 elementor-widget elementor-widget-text-editor\" data-id=\"5bcb739\" data-element_type=\"widget\" data-e-type=\"widget\" data-widget_type=\"text-editor.default\">\n\t\t\t\t<div class=\"elementor-widget-container\">\n\t\t\t\t\t\t\t\t\t<p><strong>Netherlands:<\/strong><br \/>Pan Agenturen<br \/>Arnoud Janssen<br \/>Tel.: +31 (0) 653244019<br \/>Mail: Arnoud@panagenturen.nl<br \/>Hemmerbuurt 85<br \/>NL-1607 CD Hem<\/p>\t\t\t\t\t\t\t\t<\/div>\n\t\t\t\t<\/div>\n\t\t\t\t\t<\/div>\n\t\t<\/div>\n\t\t\t\t<div class=\"elementor-column elementor-col-50 elementor-inner-column elementor-element elementor-element-09b27bf\" data-id=\"09b27bf\" data-element_type=\"column\" data-e-type=\"column\">\n\t\t\t<div class=\"elementor-widget-wrap elementor-element-populated\">\n\t\t\t\t\t\t<div class=\"elementor-element elementor-element-3902a86 elementor-widget elementor-widget-text-editor\" data-id=\"3902a86\" data-element_type=\"widget\" data-e-type=\"widget\" data-widget_type=\"text-editor.default\">\n\t\t\t\t<div class=\"elementor-widget-container\">\n\t\t\t\t\t\t\t\t\t<p><strong>France:<\/strong><br \/>Gemmaka<br \/>Gerard Meyer<br \/>Tel.: +33 (0) 142960870<br \/>Mail: gemma3@orange.fr<br \/>18 Boulevard Montmartre<br \/>F-75009 Paris<\/p>\t\t\t\t\t\t\t\t<\/div>\n\t\t\t\t<\/div>\n\t\t\t\t\t<\/div>\n\t\t<\/div>\n\t\t\t\t\t<\/div>\n\t\t<\/section>\n\t\t\t\t\t<\/div>\n\t\t<\/div>\n\t\t\t\t\t<\/div>\n\t\t<\/section>\n\t\t\t\t<\/div>","protected":false},"excerpt":{"rendered":"<p>Firmenanschrift: Firmenanschrift: Verwaltung: Stockst\u00e4dter Stra\u00dfe 31 D &#8211; 63762 Gro\u00dfostheim Mail: info@dh-fashion.comTel.: +49 (0) 6026 \/ 9787 0Fax.: +49 (0) 6026 \/ 9787 25 Aus gegebenem Anlass: Bitte beachten Sie, dass keine Verbindung mit der Firma Fashion DH, mit Firmensitz in Maribor \/ Slowenien besteht. Auch wird unsere Ware nicht \u00fcber Silkbers versendet und \/ [&hellip;]<\/p>\n","protected":false},"author":2,"featured_media":0,"parent":0,"menu_order":0,"comment_status":"closed","ping_status":"closed","template":"","meta":{"footnotes":""},"class_list":["post-74","page","type-page","status-publish","hentry"],"_links":{"self":[{"href":"https:\/\/www.dh-fashion.de\/en\/wp-json\/wp\/v2\/pages\/74","targetHints":{"allow":["GET"]}}],"collection":[{"href":"https:\/\/www.dh-fashion.de\/en\/wp-json\/wp\/v2\/pages"}],"about":[{"href":"https:\/\/www.dh-fashion.de\/en\/wp-json\/wp\/v2\/types\/page"}],"author":[{"embeddable":true,"href":"https:\/\/www.dh-fashion.de\/en\/wp-json\/wp\/v2\/users\/2"}],"replies":[{"embeddable":true,"href":"https:\/\/www.dh-fashion.de\/en\/wp-json\/wp\/v2\/comments?post=74"}],"version-history":[{"count":75,"href":"https:\/\/www.dh-fashion.de\/en\/wp-json\/wp\/v2\/pages\/74\/revisions"}],"predecessor-version":[{"id":6689,"href":"https:\/\/www.dh-fashion.de\/en\/wp-json\/wp\/v2\/pages\/74\/revisions\/6689"}],"wp:attachment":[{"href":"https:\/\/www.dh-fashion.de\/en\/wp-json\/wp\/v2\/media?parent=74"}],"curies":[{"name":"wp","href":"https:\/\/api.w.org\/{rel}","templated":true}]}}